{"id":2388,"date":"2025-01-29T17:49:01","date_gmt":"2025-01-29T17:49:01","guid":{"rendered":"https:\/\/umbriancevilla.com\/?page_id=2388"},"modified":"2025-01-31T15:18:37","modified_gmt":"2025-01-31T15:18:37","slug":"servizi","status":"publish","type":"page","link":"https:\/\/umbriancevilla.com\/en\/servizi\/","title":{"rendered":"Services"},"content":{"rendered":"<div data-elementor-type=\"wp-page\" data-elementor-id=\"2388\" class=\"elementor elementor-2388\" data-elementor-post-type=\"page\">\n\t\t\t\t<div class=\"elementor-element elementor-element-db9ae4f e-con-full e-flex e-con e-parent\" data-id=\"db9ae4f\" data-element_type=\"container\" data-settings=\"{&quot;background_background&quot;:&quot;classic&quot;}\">\n\t\t\t\t<\/div>\n\t\t<div class=\"elementor-element elementor-element-be01567 e-con-full e-flex e-con e-parent\" data-id=\"be01567\" data-element_type=\"container\">\n\t\t<div class=\"elementor-element elementor-element-8cdb30a e-con-full e-flex e-con e-child\" data-id=\"8cdb30a\" data-element_type=\"container\">\n\t\t<div class=\"elementor-element elementor-element-faa31b9 e-con-full e-flex e-con e-child\" data-id=\"faa31b9\" data-element_type=\"container\">\n\t\t<div class=\"elementor-element elementor-element-fdc1f31 e-con-full e-flex e-con e-child\" data-id=\"fdc1f31\" data-element_type=\"container\">\n\t\t\t\t<div class=\"elementor-element elementor-element-112b902 titolo elementor-widget elementor-widget-heading\" data-id=\"112b902\" data-element_type=\"widget\" data-widget_type=\"heading.default\">\n\t\t\t\t<div class=\"elementor-widget-container\">\n\t\t\t<h2 class=\"elementor-heading-title elementor-size-default\">Provision of larder <br>on arrival<\/h2>\t\t<\/div>\n\t\t\t\t<\/div>\n\t\t\t\t<div class=\"elementor-element elementor-element-1d336de elementor-widget elementor-widget-text-editor\" data-id=\"1d336de\" data-element_type=\"widget\" data-widget_type=\"text-editor.default\">\n\t\t\t\t<div class=\"elementor-widget-container\">\n\t\t\t\t\t\t\t<p>Provision of food and beverages: a supply of food products can be requested directly in the pantry, including long-life tinned food, but also a careful selection of organic and fresh food based on seasonality and local availability. The supply can be customised on request and can also include a careful selection of wines, spirits and cigars.<\/p>\t\t\t\t\t\t<\/div>\n\t\t\t\t<\/div>\n\t\t\t\t<\/div>\n\t\t\t\t<\/div>\n\t\t\t\t<\/div>\n\t\t<div class=\"elementor-element elementor-element-740e64f e-con-full e-flex e-con e-child\" data-id=\"740e64f\" data-element_type=\"container\" data-settings=\"{&quot;background_background&quot;:&quot;classic&quot;}\">\n\t\t\t\t<\/div>\n\t\t\t\t<\/div>\n\t\t<div class=\"elementor-element elementor-element-d95156b e-con-full e-flex e-con e-parent\" data-id=\"d95156b\" data-element_type=\"container\">\n\t\t<div class=\"elementor-element elementor-element-372abe8 e-con-full e-flex e-con e-child\" data-id=\"372abe8\" data-element_type=\"container\" data-settings=\"{&quot;background_background&quot;:&quot;classic&quot;}\">\n\t\t\t\t<\/div>\n\t\t<div class=\"elementor-element elementor-element-3229ddb e-con-full sfondo e-flex e-con e-child\" data-id=\"3229ddb\" data-element_type=\"container\" data-settings=\"{&quot;background_background&quot;:&quot;classic&quot;}\">\n\t\t<div class=\"elementor-element elementor-element-de3e8bb e-con-full sfondo e-flex e-con e-child\" data-id=\"de3e8bb\" data-element_type=\"container\">\n\t\t\t\t<div class=\"elementor-element elementor-element-4a18154 titolo elementor-widget elementor-widget-heading\" data-id=\"4a18154\" data-element_type=\"widget\" data-widget_type=\"heading.default\">\n\t\t\t\t<div class=\"elementor-widget-container\">\n\t\t\t<h2 class=\"elementor-heading-title elementor-size-default\">Chef <br>in the Villa <\/h2>\t\t<\/div>\n\t\t\t\t<\/div>\n\t\t\t\t<div class=\"elementor-element elementor-element-74b137c elementor-widget elementor-widget-text-editor\" data-id=\"74b137c\" data-element_type=\"widget\" data-widget_type=\"text-editor.default\">\n\t\t\t\t<div class=\"elementor-widget-container\">\n\t\t\t\t\t\t\t<p>Hiring a private chef is an ideal option for those who wish to have an exclusive and personalised dining experience, especially on special occasions or during a holiday, to enjoy traditional local dishes prepared with fresh, high-quality ingredients without having to worry about preparation and service.<\/p>\t\t\t\t\t\t<\/div>\n\t\t\t\t<\/div>\n\t\t\t\t<\/div>\n\t\t\t\t<\/div>\n\t\t\t\t<\/div>\n\t\t<div class=\"elementor-element elementor-element-9dbcfd2 e-con-full e-flex e-con e-parent\" data-id=\"9dbcfd2\" data-element_type=\"container\">\n\t\t<div class=\"elementor-element elementor-element-95de75f e-con-full e-flex e-con e-child\" data-id=\"95de75f\" data-element_type=\"container\">\n\t\t<div class=\"elementor-element elementor-element-9581b2c e-con-full e-flex e-con e-child\" data-id=\"9581b2c\" data-element_type=\"container\">\n\t\t<div class=\"elementor-element elementor-element-1177d3a e-con-full e-flex e-con e-child\" data-id=\"1177d3a\" data-element_type=\"container\">\n\t\t\t\t<div class=\"elementor-element elementor-element-bd76b87 titolo elementor-widget elementor-widget-heading\" data-id=\"bd76b87\" data-element_type=\"widget\" data-widget_type=\"heading.default\">\n\t\t\t\t<div class=\"elementor-widget-container\">\n\t\t\t<h2 class=\"elementor-heading-title elementor-size-default\">Catering a <br>Km 0<\/h2>\t\t<\/div>\n\t\t\t\t<\/div>\n\t\t\t\t<div class=\"elementor-element elementor-element-b98ae42 elementor-widget elementor-widget-text-editor\" data-id=\"b98ae42\" data-element_type=\"widget\" data-widget_type=\"text-editor.default\">\n\t\t\t\t<div class=\"elementor-widget-container\">\n\t\t\t\t\t\t\tOur Km 0 catering service offers a unique culinary experience, where the freshness of local ingredients blends with the tradition and creativity of Umbrian cuisine. Designed for those who wish to taste the most authentic dishes of the region without leaving their exclusive villa, Km 0 catering brings the best products from local farms and Umbrian markets directly to your table.\t\t\t\t\t\t<\/div>\n\t\t\t\t<\/div>\n\t\t\t\t<\/div>\n\t\t\t\t<\/div>\n\t\t\t\t<\/div>\n\t\t<div class=\"elementor-element elementor-element-171d022 e-con-full e-flex e-con e-child\" data-id=\"171d022\" data-element_type=\"container\" data-settings=\"{&quot;background_background&quot;:&quot;classic&quot;}\">\n\t\t\t\t<\/div>\n\t\t\t\t<\/div>\n\t\t<div class=\"elementor-element elementor-element-2187465 e-con-full e-flex e-con e-parent\" data-id=\"2187465\" data-element_type=\"container\">\n\t\t<div class=\"elementor-element elementor-element-61f121f e-con-full e-flex e-con e-child\" data-id=\"61f121f\" data-element_type=\"container\" data-settings=\"{&quot;background_background&quot;:&quot;classic&quot;}\">\n\t\t\t\t<\/div>\n\t\t<div class=\"elementor-element elementor-element-b2e67be e-con-full sfondo e-flex e-con e-child\" data-id=\"b2e67be\" data-element_type=\"container\" data-settings=\"{&quot;background_background&quot;:&quot;classic&quot;}\">\n\t\t<div class=\"elementor-element elementor-element-2f3a0ff e-con-full sfondo e-flex e-con e-child\" data-id=\"2f3a0ff\" data-element_type=\"container\">\n\t\t\t\t<div class=\"elementor-element elementor-element-1fefc50 titolo elementor-widget elementor-widget-heading\" data-id=\"1fefc50\" data-element_type=\"widget\" data-widget_type=\"heading.default\">\n\t\t\t\t<div class=\"elementor-widget-container\">\n\t\t\t<h2 class=\"elementor-heading-title elementor-size-default\">Minibus transfer <\/h2>\t\t<\/div>\n\t\t\t\t<\/div>\n\t\t\t\t<div class=\"elementor-element elementor-element-71bb11c elementor-widget elementor-widget-text-editor\" data-id=\"71bb11c\" data-element_type=\"widget\" data-widget_type=\"text-editor.default\">\n\t\t\t\t<div class=\"elementor-widget-container\">\n\t\t\t\t\t\t\tThe private house offers an exclusive transfer and bus service designed to ensure a comfortable and personalized travel experience. Guests can enjoy direct transfers to and from the airport, train station, or any other point of arrival, with modern vehicles equipped with all comforts. The service is also available for excursions and private tours, with the option to choose the destination and duration of the trip.\t\t\t\t\t\t<\/div>\n\t\t\t\t<\/div>\n\t\t\t\t<\/div>\n\t\t\t\t<\/div>\n\t\t\t\t<\/div>\n\t\t<div class=\"elementor-element elementor-element-78d511e e-con-full e-flex e-con e-parent\" data-id=\"78d511e\" data-element_type=\"container\">\n\t\t<div class=\"elementor-element elementor-element-98420db e-con-full e-flex e-con e-child\" data-id=\"98420db\" data-element_type=\"container\">\n\t\t<div class=\"elementor-element elementor-element-7acbff3 e-con-full e-flex e-con e-child\" data-id=\"7acbff3\" data-element_type=\"container\">\n\t\t<div class=\"elementor-element elementor-element-48e0015 e-con-full e-flex e-con e-child\" data-id=\"48e0015\" data-element_type=\"container\">\n\t\t\t\t<div class=\"elementor-element elementor-element-a1e26f2 titolo elementor-widget elementor-widget-heading\" data-id=\"a1e26f2\" data-element_type=\"widget\" data-widget_type=\"heading.default\">\n\t\t\t\t<div class=\"elementor-widget-container\">\n\t\t\t<h2 class=\"elementor-heading-title elementor-size-default\">Baby Sitter <\/h2>\t\t<\/div>\n\t\t\t\t<\/div>\n\t\t\t\t<div class=\"elementor-element elementor-element-57b56b7 elementor-widget elementor-widget-text-editor\" data-id=\"57b56b7\" data-element_type=\"widget\" data-widget_type=\"text-editor.default\">\n\t\t\t\t<div class=\"elementor-widget-container\">\n\t\t\t\t\t\t\tThe private house offers an exclusive babysitting service designed to ensure maximum peace of mind and security for parents during their stay. The selected babysitters are experienced professionals with appropriate training and verified references, who take care of the children in a thoughtful and affectionate manner. Each babysitter is capable of managing various age groups, offering playful, educational, and recreational activities that stimulate the development and creativity of the little ones.\t\t\t\t\t\t<\/div>\n\t\t\t\t<\/div>\n\t\t\t\t<\/div>\n\t\t\t\t<\/div>\n\t\t\t\t<\/div>\n\t\t<div class=\"elementor-element elementor-element-bad9042 e-con-full e-flex e-con e-child\" data-id=\"bad9042\" data-element_type=\"container\" data-settings=\"{&quot;background_background&quot;:&quot;classic&quot;}\">\n\t\t\t\t<\/div>\n\t\t\t\t<\/div>\n\t\t<div class=\"elementor-element elementor-element-7a7b128 e-con-full e-flex e-con e-parent\" data-id=\"7a7b128\" data-element_type=\"container\">\n\t\t<div class=\"elementor-element elementor-element-5290165 e-con-full e-flex e-con e-child\" data-id=\"5290165\" data-element_type=\"container\" data-settings=\"{&quot;background_background&quot;:&quot;classic&quot;}\">\n\t\t\t\t<\/div>\n\t\t<div class=\"elementor-element elementor-element-1e4df46 e-con-full sfondo e-flex e-con e-child\" data-id=\"1e4df46\" data-element_type=\"container\" data-settings=\"{&quot;background_background&quot;:&quot;classic&quot;}\">\n\t\t<div class=\"elementor-element elementor-element-7422227 e-con-full e-flex e-con e-child\" data-id=\"7422227\" data-element_type=\"container\">\n\t\t\t\t<div class=\"elementor-element elementor-element-60d0e81 titolo elementor-widget elementor-widget-heading\" data-id=\"60d0e81\" data-element_type=\"widget\" data-widget_type=\"heading.default\">\n\t\t\t\t<div class=\"elementor-widget-container\">\n\t\t\t<h2 class=\"elementor-heading-title elementor-size-default\">Theme evenings or events and celebrations<\/h2>\t\t<\/div>\n\t\t\t\t<\/div>\n\t\t\t\t<div class=\"elementor-element elementor-element-af16317 elementor-widget elementor-widget-text-editor\" data-id=\"af16317\" data-element_type=\"widget\" data-widget_type=\"text-editor.default\">\n\t\t\t\t<div class=\"elementor-widget-container\">\n\t\t\t\t\t\t\tThe private house offers an exclusive service to create tailored themed evenings, events, and celebrations. Each experience is designed to meet the guests' needs, with attention to detail and a high level of personalization, ensuring that every event is unique and unforgettable.\t\t\t\t\t\t<\/div>\n\t\t\t\t<\/div>\n\t\t\t\t<\/div>\n\t\t\t\t<\/div>\n\t\t\t\t<\/div>\n\t\t\t\t<\/div>","protected":false},"excerpt":{"rendered":"<p>Fornitura dispensa All&#8217;arrivo Fornitura dispesa cibo e bevande: Si pu\u00f2 richiedere di trovare direttamente nella dispensa, una fornitura di prodotti alimentari che comprendoni alimenti scatolati di lunga conservazione ma anche una attenta selezione di alimenti biologici e freschi basati sulla stagionalit\u00e0 e sulla disponibilit\u00e0 locale. La fornitura pu\u00f2 essere personalizzata a richiesta e po\u2019 comprendere [&hellip;]<\/p>\n","protected":false},"author":1,"featured_media":0,"parent":0,"menu_order":0,"comment_status":"closed","ping_status":"closed","template":"elementor_header_footer","meta":{"rank_math_lock_modified_date":false,"footnotes":""},"class_list":["post-2388","page","type-page","status-publish","hentry"],"_links":{"self":[{"href":"https:\/\/umbriancevilla.com\/en\/wp-json\/wp\/v2\/pages\/2388","targetHints":{"allow":["GET"]}}],"collection":[{"href":"https:\/\/umbriancevilla.com\/en\/wp-json\/wp\/v2\/pages"}],"about":[{"href":"https:\/\/umbriancevilla.com\/en\/wp-json\/wp\/v2\/types\/page"}],"author":[{"embeddable":true,"href":"https:\/\/umbriancevilla.com\/en\/wp-json\/wp\/v2\/users\/1"}],"replies":[{"embeddable":true,"href":"https:\/\/umbriancevilla.com\/en\/wp-json\/wp\/v2\/comments?post=2388"}],"version-history":[{"count":17,"href":"https:\/\/umbriancevilla.com\/en\/wp-json\/wp\/v2\/pages\/2388\/revisions"}],"predecessor-version":[{"id":2607,"href":"https:\/\/umbriancevilla.com\/en\/wp-json\/wp\/v2\/pages\/2388\/revisions\/2607"}],"wp:attachment":[{"href":"https:\/\/umbriancevilla.com\/en\/wp-json\/wp\/v2\/media?parent=2388"}],"curies":[{"name":"wp","href":"https:\/\/api.w.org\/{rel}","templated":true}]}}